{"id":1249,"date":"2017-04-12T17:03:42","date_gmt":"2017-04-12T15:03:42","guid":{"rendered":"https:\/\/www.e-citaty.cz\/uzivatelske-citaty\/?page_id=1249"},"modified":"2017-04-24T12:01:05","modified_gmt":"2017-04-24T10:01:05","slug":"autori","status":"publish","type":"page","link":"https:\/\/www.e-citaty.cz\/uzivatelske-citaty\/autori","title":{"rendered":"Auto\u0159i \u010dten\u00e1\u0159sk\u00fdch cit\u00e1t\u016f"},"content":{"rendered":"","protected":false},"excerpt":{"rendered":"","protected":false},"author":1,"featured_media":0,"parent":0,"menu_order":0,"comment_status":"closed","ping_status":"closed","template":"page-authors.php","meta":[],"acf":[],"yoast_head":"<!-- This site is optimized with the Yoast SEO plugin v20.1 - https:\/\/yoast.com\/wordpress\/plugins\/seo\/ -->\n<title>Auto\u0159i \u010dten\u00e1\u0159sk\u00fdch cit\u00e1t\u016f | E-cit\u00e1ty.cz<\/title>\n<meta name=\"robots\" content=\"index, follow, max-snippet:-1, max-image-preview:large, max-video-preview:-1\" \/>\n<link rel=\"canonical\" href=\"https:\/\/www.e-citaty.cz\/uzivatelske-citaty\/autori\" \/>\n<meta property=\"og:locale\" content=\"cs_CZ\" \/>\n<meta property=\"og:type\" content=\"article\" \/>\n<meta property=\"og:title\" content=\"Auto\u0159i \u010dten\u00e1\u0159sk\u00fdch cit\u00e1t\u016f | E-cit\u00e1ty.cz\" \/>\n<meta property=\"og:url\" content=\"https:\/\/www.e-citaty.cz\/uzivatelske-citaty\/autori\" \/>\n<meta property=\"og:site_name\" content=\"E-citaty.cz - U\u017eivatelsk\u00e9 cit\u00e1ty\" \/>\n<meta property=\"article:modified_time\" content=\"2017-04-24T10:01:05+00:00\" \/>\n<meta property=\"og:image\" content=\"https:\/\/www.e-citaty.cz\/uzivatelske-citaty\/wp-content\/uploads\/sites\/3\/2017\/03\/facebook-cover.png\" \/>\n\t<meta property=\"og:image:width\" content=\"1200\" \/>\n\t<meta property=\"og:image:height\" content=\"630\" \/>\n\t<meta property=\"og:image:type\" content=\"image\/png\" \/>\n<meta name=\"twitter:card\" content=\"summary_large_image\" \/>\n<script type=\"application\/ld+json\" class=\"yoast-schema-graph\">{\"@context\":\"https:\/\/schema.org\",\"@graph\":[{\"@type\":\"WebPage\",\"@id\":\"https:\/\/www.e-citaty.cz\/uzivatelske-citaty\/autori\",\"url\":\"https:\/\/www.e-citaty.cz\/uzivatelske-citaty\/autori\",\"name\":\"Auto\u0159i \u010dten\u00e1\u0159sk\u00fdch cit\u00e1t\u016f | E-cit\u00e1ty.cz\",\"isPartOf\":{\"@id\":\"https:\/\/www.e-citaty.cz\/uzivatelske-citaty\/#website\"},\"datePublished\":\"2017-04-12T15:03:42+00:00\",\"dateModified\":\"2017-04-24T10:01:05+00:00\",\"breadcrumb\":{\"@id\":\"https:\/\/www.e-citaty.cz\/uzivatelske-citaty\/autori#breadcrumb\"},\"inLanguage\":\"cs\",\"potentialAction\":[{\"@type\":\"ReadAction\",\"target\":[\"https:\/\/www.e-citaty.cz\/uzivatelske-citaty\/autori\"]}]},{\"@type\":\"BreadcrumbList\",\"@id\":\"https:\/\/www.e-citaty.cz\/uzivatelske-citaty\/autori#breadcrumb\",\"itemListElement\":[{\"@type\":\"ListItem\",\"position\":1,\"name\":\"Dom\u016f\",\"item\":\"https:\/\/www.e-citaty.cz\/uzivatelske-citaty\"},{\"@type\":\"ListItem\",\"position\":2,\"name\":\"Auto\u0159i \u010dten\u00e1\u0159sk\u00fdch cit\u00e1t\u016f\"}]},{\"@type\":\"WebSite\",\"@id\":\"https:\/\/www.e-citaty.cz\/uzivatelske-citaty\/#website\",\"url\":\"https:\/\/www.e-citaty.cz\/uzivatelske-citaty\/\",\"name\":\"E-citaty.cz - U\u017eivatelsk\u00e9 cit\u00e1ty\",\"description\":\"Cit\u00e1ty na\u0161ich n\u00e1v\u0161t\u011bvn\u00edk\u016f\",\"potentialAction\":[{\"@type\":\"SearchAction\",\"target\":{\"@type\":\"EntryPoint\",\"urlTemplate\":\"https:\/\/www.e-citaty.cz\/uzivatelske-citaty\/?s={search_term_string}\"},\"query-input\":\"required name=search_term_string\"}],\"inLanguage\":\"cs\"}]}<\/script>\n<!-- \/ Yoast SEO plugin. -->","yoast_head_json":{"title":"Auto\u0159i \u010dten\u00e1\u0159sk\u00fdch cit\u00e1t\u016f | E-cit\u00e1ty.cz","robots":{"index":"index","follow":"follow","max-snippet":"max-snippet:-1","max-image-preview":"max-image-preview:large","max-video-preview":"max-video-preview:-1"},"canonical":"https:\/\/www.e-citaty.cz\/uzivatelske-citaty\/autori","og_locale":"cs_CZ","og_type":"article","og_title":"Auto\u0159i \u010dten\u00e1\u0159sk\u00fdch cit\u00e1t\u016f | E-cit\u00e1ty.cz","og_url":"https:\/\/www.e-citaty.cz\/uzivatelske-citaty\/autori","og_site_name":"E-citaty.cz - U\u017eivatelsk\u00e9 cit\u00e1ty","article_modified_time":"2017-04-24T10:01:05+00:00","og_image":[{"width":1200,"height":630,"url":"https:\/\/www.e-citaty.cz\/uzivatelske-citaty\/wp-content\/uploads\/sites\/3\/2017\/03\/facebook-cover.png","type":"image\/png"}],"twitter_card":"summary_large_image","schema":{"@context":"https:\/\/schema.org","@graph":[{"@type":"WebPage","@id":"https:\/\/www.e-citaty.cz\/uzivatelske-citaty\/autori","url":"https:\/\/www.e-citaty.cz\/uzivatelske-citaty\/autori","name":"Auto\u0159i \u010dten\u00e1\u0159sk\u00fdch cit\u00e1t\u016f | E-cit\u00e1ty.cz","isPartOf":{"@id":"https:\/\/www.e-citaty.cz\/uzivatelske-citaty\/#website"},"datePublished":"2017-04-12T15:03:42+00:00","dateModified":"2017-04-24T10:01:05+00:00","breadcrumb":{"@id":"https:\/\/www.e-citaty.cz\/uzivatelske-citaty\/autori#breadcrumb"},"inLanguage":"cs","potentialAction":[{"@type":"ReadAction","target":["https:\/\/www.e-citaty.cz\/uzivatelske-citaty\/autori"]}]},{"@type":"BreadcrumbList","@id":"https:\/\/www.e-citaty.cz\/uzivatelske-citaty\/autori#breadcrumb","itemListElement":[{"@type":"ListItem","position":1,"name":"Dom\u016f","item":"https:\/\/www.e-citaty.cz\/uzivatelske-citaty"},{"@type":"ListItem","position":2,"name":"Auto\u0159i \u010dten\u00e1\u0159sk\u00fdch cit\u00e1t\u016f"}]},{"@type":"WebSite","@id":"https:\/\/www.e-citaty.cz\/uzivatelske-citaty\/#website","url":"https:\/\/www.e-citaty.cz\/uzivatelske-citaty\/","name":"E-citaty.cz - U\u017eivatelsk\u00e9 cit\u00e1ty","description":"Cit\u00e1ty na\u0161ich n\u00e1v\u0161t\u011bvn\u00edk\u016f","potentialAction":[{"@type":"SearchAction","target":{"@type":"EntryPoint","urlTemplate":"https:\/\/www.e-citaty.cz\/uzivatelske-citaty\/?s={search_term_string}"},"query-input":"required name=search_term_string"}],"inLanguage":"cs"}]}},"_links":{"self":[{"href":"https:\/\/www.e-citaty.cz\/uzivatelske-citaty\/wp-json\/wp\/v2\/pages\/1249"}],"collection":[{"href":"https:\/\/www.e-citaty.cz\/uzivatelske-citaty\/wp-json\/wp\/v2\/pages"}],"about":[{"href":"https:\/\/www.e-citaty.cz\/uzivatelske-citaty\/wp-json\/wp\/v2\/types\/page"}],"author":[{"embeddable":true,"href":"https:\/\/www.e-citaty.cz\/uzivatelske-citaty\/wp-json\/wp\/v2\/users\/1"}],"replies":[{"embeddable":true,"href":"https:\/\/www.e-citaty.cz\/uzivatelske-citaty\/wp-json\/wp\/v2\/comments?post=1249"}],"version-history":[{"count":2,"href":"https:\/\/www.e-citaty.cz\/uzivatelske-citaty\/wp-json\/wp\/v2\/pages\/1249\/revisions"}],"predecessor-version":[{"id":1889,"href":"https:\/\/www.e-citaty.cz\/uzivatelske-citaty\/wp-json\/wp\/v2\/pages\/1249\/revisions\/1889"}],"wp:attachment":[{"href":"https:\/\/www.e-citaty.cz\/uzivatelske-citaty\/wp-json\/wp\/v2\/media?parent=1249"}],"curies":[{"name":"wp","href":"https:\/\/api.w.org\/{rel}","templated":true}]}}